{"id":29173,"date":"2024-03-28T14:38:33","date_gmt":"2024-03-28T06:38:33","guid":{"rendered":"https:\/\/jotbody.com\/services\/exosome-solutions\/exosome-characterization\/"},"modified":"2025-01-23T13:23:56","modified_gmt":"2025-01-23T05:23:56","slug":"characterization","status":"publish","type":"page","link":"https:\/\/jotbody.com\/es\/services\/extracellular-vesicle-world\/characterization\/","title":{"rendered":"Caracterizaci\u00f3n"},"content":{"rendered":"\t\t<div data-elementor-type=\"wp-page\" data-elementor-id=\"29173\" class=\"elementor elementor-29173 elementor-29155\">\n\t\t\t\t\t\t<section class=\"elementor-section elementor-top-section elementor-element elementor-element-81ddc20 breadcrumb-row elementor-section-boxed elementor-section-height-default elementor-section-height-default\" data-id=\"81ddc20\" data-element_type=\"section\" data-e-type=\"section\">\n\t\t\t\t\t\t<div class=\"elementor-container elementor-column-gap-default\">\n\t\t\t\t\t<div class=\"elementor-column elementor-col-100 elementor-top-column elementor-element elementor-element-206480a\" data-id=\"206480a\" data-element_type=\"column\" data-e-type=\"column\">\n\t\t\t<div class=\"elementor-widget-wrap elementor-element-populated\">\n\t\t\t\t\t\t<div class=\"elementor-element elementor-element-cdf39da elementor-widget elementor-widget-shortcode\" data-id=\"cdf39da\" data-element_type=\"widget\" data-e-type=\"widget\" data-widget_type=\"shortcode.default\">\n\t\t\t\t<div class=\"elementor-widget-container\">\n\t\t\t\t\t\t\t<div class=\"elementor-shortcode\"><span><span><a href=\"https:\/\/jotbody.com\/es\/\">Home<\/a><\/span><\/span><\/div>\n\t\t\t\t\t\t<\/div>\n\t\t\t\t<\/div>\n\t\t\t\t\t<\/div>\n\t\t<\/div>\n\t\t\t\t\t<\/div>\n\t\t<\/section>\n\t\t\t\t<section class=\"elementor-section elementor-top-section elementor-element elementor-element-d2cf3bc elementor-section-full_width elementor-section-stretched elementor-section-height-default elementor-section-height-default\" data-id=\"d2cf3bc\" data-element_type=\"section\" data-e-type=\"section\" data-settings=\"{&quot;stretch_section&quot;:&quot;section-stretched&quot;,&quot;background_background&quot;:&quot;classic&quot;}\">\n\t\t\t\t\t\t<div class=\"elementor-container elementor-column-gap-default\">\n\t\t\t\t\t<div class=\"elementor-column elementor-col-100 elementor-top-column elementor-element elementor-element-2c37477\" data-id=\"2c37477\" data-element_type=\"column\" data-e-type=\"column\">\n\t\t\t<div class=\"elementor-widget-wrap\">\n\t\t\t\t\t\t\t<\/div>\n\t\t<\/div>\n\t\t\t\t\t<\/div>\n\t\t<\/section>\n\t\t\t\t<section class=\"elementor-section elementor-top-section elementor-element elementor-element-1d6cc76 immunized-row-one other-service-row-one elementor-section-boxed elementor-section-height-default elementor-section-height-default\" data-id=\"1d6cc76\" data-element_type=\"section\" data-e-type=\"section\">\n\t\t\t\t\t\t<div class=\"elementor-container elementor-column-gap-default\">\n\t\t\t\t\t<div class=\"elementor-column elementor-col-100 elementor-top-column elementor-element elementor-element-5d54bc0\" data-id=\"5d54bc0\" data-element_type=\"column\" data-e-type=\"column\">\n\t\t\t<div class=\"elementor-widget-wrap elementor-element-populated\">\n\t\t\t\t\t\t<div class=\"elementor-element elementor-element-89b6ccb elementor-widget elementor-widget-heading\" data-id=\"89b6ccb\" data-element_type=\"widget\" data-e-type=\"widget\" data-widget_type=\"heading.default\">\n\t\t\t\t<div class=\"elementor-widget-container\">\n\t\t\t\t\t<h2 class=\"elementor-heading-title elementor-size-default\">Caracterizaci\u00f3n de ves\u00edculas extracelulares<\/h2>\t\t\t\t<\/div>\n\t\t\t\t<\/div>\n\t\t\t\t\t<\/div>\n\t\t<\/div>\n\t\t\t\t\t<\/div>\n\t\t<\/section>\n\t\t\t\t<section class=\"elementor-section elementor-top-section elementor-element elementor-element-27c9b7c elementor-section-full_width elementor-section-stretched about-us-row-one service-mt elementor-section-height-default elementor-section-height-default\" data-id=\"27c9b7c\" data-element_type=\"section\" data-e-type=\"section\" data-settings=\"{&quot;stretch_section&quot;:&quot;section-stretched&quot;}\">\n\t\t\t\t\t\t<div class=\"elementor-container elementor-column-gap-default\">\n\t\t\t\t\t<div class=\"elementor-column elementor-col-100 elementor-top-column elementor-element elementor-element-c2167a4 col-2\" data-id=\"c2167a4\" data-element_type=\"column\" data-e-type=\"column\">\n\t\t\t<div class=\"elementor-widget-wrap elementor-element-populated\">\n\t\t\t\t\t\t<div class=\"elementor-element elementor-element-1e9c1df description-para elementor-widget elementor-widget-text-editor\" data-id=\"1e9c1df\" data-element_type=\"widget\" data-e-type=\"widget\" data-widget_type=\"text-editor.default\">\n\t\t\t\t<div class=\"elementor-widget-container\">\n\t\t\t\t\t\t\t\t\t<p style=\"text-align: justify;\">Comprender las caracter\u00edsticas \u00fanicas de las Ves\u00edculas Extracelulares (EVs) es crucial para avanzar en la investigaci\u00f3n en detecci\u00f3n temprana y monitoreo de enfermedades.<\/p><p style=\"text-align: justify;\">Empleamos una variedad de t\u00e9cnicas de vanguardia para caracterizar de manera integral las EVs provenientes de diversas fuentes biol\u00f3gicas, brindando valiosos conocimientos sobre sus propiedades y composici\u00f3n. Nuestro servicio de caracterizaci\u00f3n tiene un tiempo de respuesta t\u00edpico de hasta 4 semanas.<\/p>\t\t\t\t\t\t\t\t<\/div>\n\t\t\t\t<\/div>\n\t\t\t\t\t<\/div>\n\t\t<\/div>\n\t\t\t\t\t<\/div>\n\t\t<\/section>\n\t\t\t\t<section class=\"elementor-section elementor-top-section elementor-element elementor-element-89ae3d1 about-us-row-one patients-row-two elementor-section-full_width elementor-section-stretched elementor-section-height-default elementor-section-height-default\" data-id=\"89ae3d1\" data-element_type=\"section\" data-e-type=\"section\" data-settings=\"{&quot;stretch_section&quot;:&quot;section-stretched&quot;}\">\n\t\t\t\t\t\t<div class=\"elementor-container elementor-column-gap-default\">\n\t\t\t\t\t<div class=\"elementor-column elementor-col-100 elementor-top-column elementor-element elementor-element-136afe1\" data-id=\"136afe1\" data-element_type=\"column\" data-e-type=\"column\">\n\t\t\t<div class=\"elementor-widget-wrap elementor-element-populated\">\n\t\t\t\t\t\t<div class=\"elementor-element elementor-element-caa03ca description-para elementor-widget elementor-widget-text-editor\" data-id=\"caa03ca\" data-element_type=\"widget\" data-e-type=\"widget\" data-widget_type=\"text-editor.default\">\n\t\t\t\t<div class=\"elementor-widget-container\">\n\t\t\t\t\t\t\t\t\t<p><span style=\"color: #008000;\">Ofertas de servicios<\/span><\/p>\t\t\t\t\t\t\t\t<\/div>\n\t\t\t\t<\/div>\n\t\t\t\t<div class=\"elementor-element elementor-element-460cb93 elementor-widget__width-initial table-overflow elementor-widget elementor-widget-text-editor\" data-id=\"460cb93\" data-element_type=\"widget\" data-e-type=\"widget\" id=\"tableimmu\" data-widget_type=\"text-editor.default\">\n\t\t\t\t<div class=\"elementor-widget-container\">\n\t\t\t\t\t\t\t\t\t<table style=\"width: 100%; border-collapse: collapse;\"><tbody><tr style=\"height: 47px;\"><th style=\"height: 47px; background-color: #b6bfb0; width: 47.897%;\"><span style=\"color: #008000; font-weight: normal;\">T\u00e9cnica<\/span><\/th><th style=\"background-color: #b6bfb0; width: 51.6701%;\"><span style=\"color: #008000; font-weight: normal;\">Descripci\u00f3n<\/span><\/th><\/tr><tr><td style=\"width: 47.897%; background-color: #389c4c;\"><span style=\"color: #ffffff;\">Microscop\u00eda Electr\u00f3nica de Transmisi\u00f3n (TEM)<\/span><\/td><td style=\"width: 51.6701%;\">Visualiza la ultraestructura, morfolog\u00eda y tama\u00f1o de las EVs.<\/td><\/tr><tr><td style=\"width: 47.897%; background-color: #389c4c;\"><span style=\"color: #ffffff;\">Western Blotting (WB)<\/span><\/td><td style=\"width: 51.6701%;\">Detecta prote\u00ednas espec\u00edficas en las muestras de EV.<\/td><\/tr><tr style=\"height: 25px;\"><td style=\"width: 47.897%; height: 25px; background-color: #389c4c;\"><span style=\"color: #ffffff;\">An\u00e1lisis de Seguimiento de Nanopart\u00edculas (NTA)<\/span><\/td><td style=\"width: 51.6701%; height: 25px;\">Mide la distribuci\u00f3n de tama\u00f1o y concentraci\u00f3n de las EV.<\/td><\/tr><tr><td style=\"width: 47.897%; background-color: #389c4c;\"><span style=\"color: #ffffff;\"><span class=\"OYPEnA font-feature-liga-off font-feature-clig-off font-feature-calt-off text-decoration-none text-strikethrough-none\">Citometr\u00eda de Flujo de Nanopart\u00edculas (NanoFCM)<\/span><br \/><\/span><\/td><td style=\"width: 51.6701%;\">Analiza las EV por tama\u00f1o y marcadores de superficie.<\/td><\/tr><tr><td style=\"width: 47.897%; background-color: #389c4c;\"><span style=\"color: #ffffff;\"><span class=\"OYPEnA font-feature-liga-off font-feature-clig-off font-feature-calt-off text-decoration-none text-strikethrough-none\">Ensayo de Inmunoadsorci\u00f3n Enzim\u00e1tica (ELISA)<\/span><\/span><\/td><td style=\"width: 51.6701%;\">Eval\u00faa el contenido y la concentraci\u00f3n de prote\u00ednas en las muestras de EV.<\/td><\/tr><\/tbody><\/table>\t\t\t\t\t\t\t\t<\/div>\n\t\t\t\t<\/div>\n\t\t\t\t\t<\/div>\n\t\t<\/div>\n\t\t\t\t\t<\/div>\n\t\t<\/section>\n\t\t\t\t<section class=\"elementor-section elementor-top-section elementor-element elementor-element-226c959 about-us-row-one patients-row-two elementor-section-full_width elementor-section-stretched elementor-section-height-default elementor-section-height-default\" data-id=\"226c959\" data-element_type=\"section\" data-e-type=\"section\" data-settings=\"{&quot;stretch_section&quot;:&quot;section-stretched&quot;}\">\n\t\t\t\t\t\t<div class=\"elementor-container elementor-column-gap-default\">\n\t\t\t\t\t<div class=\"elementor-column elementor-col-100 elementor-top-column elementor-element elementor-element-b515d6b col-2\" data-id=\"b515d6b\" data-element_type=\"column\" data-e-type=\"column\">\n\t\t\t<div class=\"elementor-widget-wrap elementor-element-populated\">\n\t\t\t\t\t\t<div class=\"elementor-element elementor-element-e3836ce description-para elementor-widget elementor-widget-text-editor\" data-id=\"e3836ce\" data-element_type=\"widget\" data-e-type=\"widget\" data-widget_type=\"text-editor.default\">\n\t\t\t\t<div class=\"elementor-widget-container\">\n\t\t\t\t\t\t\t\t\t<p><span style=\"color: #008000;\">Datos representativos<\/span><\/p>\t\t\t\t\t\t\t\t<\/div>\n\t\t\t\t<\/div>\n\t\t\t\t<div class=\"elementor-element elementor-element-f32e0d4 elementor-widget__width-initial elementor-widget-tablet__width-initial elementor-widget elementor-widget-image\" data-id=\"f32e0d4\" data-element_type=\"widget\" data-e-type=\"widget\" data-widget_type=\"image.default\">\n\t\t\t\t<div class=\"elementor-widget-container\">\n\t\t\t\t\t\t\t\t\t\t\t\t<figure class=\"wp-caption\">\n\t\t\t\t\t\t\t\t\t\t<img fetchpriority=\"high\" decoding=\"async\" data-attachment-id=\"32921\" data-permalink=\"https:\/\/jotbody.com\/es\/services\/extracellular-vesicle-world\/characterization\/screenshot-2024-07-17-at-12-50-56-pm-2\/\" data-orig-file=\"https:\/\/i0.wp.com\/jotbody.com\/wp-content\/uploads\/2024\/08\/Screenshot-2024-07-17-at-12.50.56-PM.png?fit=742%2C346&amp;ssl=1\" data-orig-size=\"742,346\" data-comments-opened=\"1\" data-image-meta=\"{&quot;aperture&quot;:&quot;0&quot;,&quot;credit&quot;:&quot;&quot;,&quot;camera&quot;:&quot;&quot;,&quot;caption&quot;:&quot;&quot;,&quot;created_timestamp&quot;:&quot;0&quot;,&quot;copyright&quot;:&quot;&quot;,&quot;focal_length&quot;:&quot;0&quot;,&quot;iso&quot;:&quot;0&quot;,&quot;shutter_speed&quot;:&quot;0&quot;,&quot;title&quot;:&quot;&quot;,&quot;orientation&quot;:&quot;0&quot;}\" data-image-title=\"Screenshot 2024-07-17 at 12.50.56 PM\" data-image-description=\"\" data-image-caption=\"\" data-large-file=\"https:\/\/i0.wp.com\/jotbody.com\/wp-content\/uploads\/2024\/08\/Screenshot-2024-07-17-at-12.50.56-PM.png?fit=640%2C298&amp;ssl=1\" width=\"742\" height=\"346\" src=\"https:\/\/i0.wp.com\/jotbody.com\/wp-content\/uploads\/2024\/08\/Screenshot-2024-07-17-at-12.50.56-PM.png?fit=742%2C346&amp;ssl=1\" class=\"attachment-full size-full wp-image-32921\" alt=\"\" srcset=\"https:\/\/i0.wp.com\/jotbody.com\/wp-content\/uploads\/2024\/08\/Screenshot-2024-07-17-at-12.50.56-PM.png?w=742&amp;ssl=1 742w, https:\/\/i0.wp.com\/jotbody.com\/wp-content\/uploads\/2024\/08\/Screenshot-2024-07-17-at-12.50.56-PM.png?resize=300%2C140&amp;ssl=1 300w, https:\/\/i0.wp.com\/jotbody.com\/wp-content\/uploads\/2024\/08\/Screenshot-2024-07-17-at-12.50.56-PM.png?resize=740%2C346&amp;ssl=1 740w\" sizes=\"(max-width: 640px) 100vw, 640px\" data-attachment-id=\"32921\" data-permalink=\"https:\/\/jotbody.com\/es\/services\/extracellular-vesicle-world\/characterization\/screenshot-2024-07-17-at-12-50-56-pm-2\/\" data-orig-file=\"https:\/\/i0.wp.com\/jotbody.com\/wp-content\/uploads\/2024\/08\/Screenshot-2024-07-17-at-12.50.56-PM.png?fit=742%2C346&amp;ssl=1\" data-orig-size=\"742,346\" data-comments-opened=\"1\" data-image-meta=\"{&quot;aperture&quot;:&quot;0&quot;,&quot;credit&quot;:&quot;&quot;,&quot;camera&quot;:&quot;&quot;,&quot;caption&quot;:&quot;&quot;,&quot;created_timestamp&quot;:&quot;0&quot;,&quot;copyright&quot;:&quot;&quot;,&quot;focal_length&quot;:&quot;0&quot;,&quot;iso&quot;:&quot;0&quot;,&quot;shutter_speed&quot;:&quot;0&quot;,&quot;title&quot;:&quot;&quot;,&quot;orientation&quot;:&quot;0&quot;}\" data-image-title=\"Screenshot 2024-07-17 at 12.50.56 PM\" data-image-description=\"\" data-image-caption=\"\" data-large-file=\"https:\/\/i0.wp.com\/jotbody.com\/wp-content\/uploads\/2024\/08\/Screenshot-2024-07-17-at-12.50.56-PM.png?fit=640%2C298&amp;ssl=1\" \/>\t\t\t\t\t\t\t\t\t\t\t<figcaption class=\"widget-image-caption wp-caption-text\">El an\u00e1lisis de Western blot mostr\u00f3 los marcadores de EV TSG101, CD9 y CD81 en los EVs de plasma, orina y c\u00e9lulas, sin calnexina (izquierda). El an\u00e1lisis TEM mostr\u00f3 un rango de tama\u00f1o consistentemente distribuido de EVs purificados (derecha).<\/figcaption>\n\t\t\t\t\t\t\t\t\t\t<\/figure>\n\t\t\t\t\t\t\t\t\t<\/div>\n\t\t\t\t<\/div>\n\t\t\t\t\t<\/div>\n\t\t<\/div>\n\t\t\t\t\t<\/div>\n\t\t<\/section>\n\t\t\t\t<\/div>\n\t\t","protected":false},"excerpt":{"rendered":"<p>Caracterizaci\u00f3n de ves\u00edculas extracelulares Comprender las caracter\u00edsticas \u00fanicas de las Ves\u00edculas Extracelulares (EVs) es crucial para avanzar en la investigaci\u00f3n en detecci\u00f3n temprana y monitoreo de enfermedades. Empleamos una variedad de t\u00e9cnicas de vanguardia para caracterizar de manera integral las EVs provenientes de diversas fuentes biol\u00f3gicas, brindando valiosos conocimientos sobre sus propiedades y composici\u00f3n. Nuestro&#8230;<\/p>\n","protected":false},"author":4,"featured_media":0,"parent":24781,"menu_order":0,"comment_status":"closed","ping_status":"closed","template":"","meta":{"_acf_changed":false,"inline_featured_image":false,"iawp_total_views":12,"footnotes":""},"class_list":["post-29173","page","type-page","status-publish","hentry"],"acf":[],"yoast_head":"<!-- This site is optimized with the Yoast SEO plugin v27.4 - https:\/\/yoast.com\/product\/yoast-seo-wordpress\/ -->\n<title>Caracterizaci\u00f3n de ves\u00edculas extracelulares<\/title>\n<meta name=\"description\" content=\"Con la experiencia de Jotbody, los investigadores pueden obtener valiosos conocimientos sobre los diversos aspectos de las ves\u00edculas extracelulares.\" \/>\n<meta name=\"robots\" content=\"index, follow, max-snippet:-1, max-image-preview:large, max-video-preview:-1\" \/>\n<link rel=\"canonical\" href=\"https:\/\/jotbody.com\/es\/services\/extracellular-vesicle-world\/characterization\/\" \/>\n<meta property=\"og:locale\" content=\"es_ES\" \/>\n<meta property=\"og:type\" content=\"article\" \/>\n<meta property=\"og:title\" content=\"Caracterizaci\u00f3n de ves\u00edculas extracelulares\" \/>\n<meta property=\"og:description\" content=\"Con la experiencia de Jotbody, los investigadores pueden obtener valiosos conocimientos sobre los diversos aspectos de las ves\u00edculas extracelulares.\" \/>\n<meta property=\"og:url\" content=\"https:\/\/jotbody.com\/es\/services\/extracellular-vesicle-world\/characterization\/\" \/>\n<meta property=\"og:site_name\" content=\"Jotbody\" \/>\n<meta property=\"article:modified_time\" content=\"2025-01-23T05:23:56+00:00\" \/>\n<meta property=\"og:image\" content=\"https:\/\/jotbody.com\/wp-content\/uploads\/2024\/08\/Screenshot-2024-07-17-at-12.50.56-PM.png\" \/>\n<meta name=\"twitter:card\" content=\"summary_large_image\" \/>\n<meta name=\"twitter:label1\" content=\"Tiempo de lectura\" \/>\n\t<meta name=\"twitter:data1\" content=\"2 minutos\" \/>\n<script type=\"application\/ld+json\" class=\"yoast-schema-graph\">{\"@context\":\"https:\\\/\\\/schema.org\",\"@graph\":[{\"@type\":\"WebPage\",\"@id\":\"https:\\\/\\\/jotbody.com\\\/es\\\/services\\\/extracellular-vesicle-world\\\/characterization\\\/\",\"url\":\"https:\\\/\\\/jotbody.com\\\/es\\\/services\\\/extracellular-vesicle-world\\\/characterization\\\/\",\"name\":\"Caracterizaci\u00f3n de ves\u00edculas extracelulares\",\"isPartOf\":{\"@id\":\"https:\\\/\\\/jotbody.com\\\/es\\\/#website\"},\"primaryImageOfPage\":{\"@id\":\"https:\\\/\\\/jotbody.com\\\/es\\\/services\\\/extracellular-vesicle-world\\\/characterization\\\/#primaryimage\"},\"image\":{\"@id\":\"https:\\\/\\\/jotbody.com\\\/es\\\/services\\\/extracellular-vesicle-world\\\/characterization\\\/#primaryimage\"},\"thumbnailUrl\":\"https:\\\/\\\/jotbody.com\\\/wp-content\\\/uploads\\\/2024\\\/08\\\/Screenshot-2024-07-17-at-12.50.56-PM.png\",\"datePublished\":\"2024-03-28T06:38:33+00:00\",\"dateModified\":\"2025-01-23T05:23:56+00:00\",\"description\":\"Con la experiencia de Jotbody, los investigadores pueden obtener valiosos conocimientos sobre los diversos aspectos de las ves\u00edculas extracelulares.\",\"breadcrumb\":{\"@id\":\"https:\\\/\\\/jotbody.com\\\/es\\\/services\\\/extracellular-vesicle-world\\\/characterization\\\/#breadcrumb\"},\"inLanguage\":\"es\",\"potentialAction\":[{\"@type\":\"ReadAction\",\"target\":[\"https:\\\/\\\/jotbody.com\\\/es\\\/services\\\/extracellular-vesicle-world\\\/characterization\\\/\"]}]},{\"@type\":\"ImageObject\",\"inLanguage\":\"es\",\"@id\":\"https:\\\/\\\/jotbody.com\\\/es\\\/services\\\/extracellular-vesicle-world\\\/characterization\\\/#primaryimage\",\"url\":\"https:\\\/\\\/jotbody.com\\\/wp-content\\\/uploads\\\/2024\\\/08\\\/Screenshot-2024-07-17-at-12.50.56-PM.png\",\"contentUrl\":\"https:\\\/\\\/jotbody.com\\\/wp-content\\\/uploads\\\/2024\\\/08\\\/Screenshot-2024-07-17-at-12.50.56-PM.png\"},{\"@type\":\"BreadcrumbList\",\"@id\":\"https:\\\/\\\/jotbody.com\\\/es\\\/services\\\/extracellular-vesicle-world\\\/characterization\\\/#breadcrumb\",\"itemListElement\":[{\"@type\":\"ListItem\",\"position\":1,\"name\":\"Home\",\"item\":\"https:\\\/\\\/jotbody.com\\\/es\\\/\"},{\"@type\":\"ListItem\",\"position\":2,\"name\":\"Servicios\",\"item\":\"https:\\\/\\\/jotbody.com\\\/es\\\/services\\\/\"},{\"@type\":\"ListItem\",\"position\":3,\"name\":\"Mundo de las ves\u00edculas extracelulares\",\"item\":\"https:\\\/\\\/jotbody.com\\\/es\\\/services\\\/extracellular-vesicle-world\\\/\"},{\"@type\":\"ListItem\",\"position\":4,\"name\":\"Caracterizaci\u00f3n\"}]},{\"@type\":\"WebSite\",\"@id\":\"https:\\\/\\\/jotbody.com\\\/es\\\/#website\",\"url\":\"https:\\\/\\\/jotbody.com\\\/es\\\/\",\"name\":\"Jotbody\",\"description\":\"Empowering Life Science with Precision\",\"potentialAction\":[{\"@type\":\"SearchAction\",\"target\":{\"@type\":\"EntryPoint\",\"urlTemplate\":\"https:\\\/\\\/jotbody.com\\\/es\\\/?s={search_term_string}\"},\"query-input\":{\"@type\":\"PropertyValueSpecification\",\"valueRequired\":true,\"valueName\":\"search_term_string\"}}],\"inLanguage\":\"es\"}]}<\/script>\n<!-- \/ Yoast SEO plugin. -->","yoast_head_json":{"title":"Caracterizaci\u00f3n de ves\u00edculas extracelulares","description":"Con la experiencia de Jotbody, los investigadores pueden obtener valiosos conocimientos sobre los diversos aspectos de las ves\u00edculas extracelulares.","robots":{"index":"index","follow":"follow","max-snippet":"max-snippet:-1","max-image-preview":"max-image-preview:large","max-video-preview":"max-video-preview:-1"},"canonical":"https:\/\/jotbody.com\/es\/services\/extracellular-vesicle-world\/characterization\/","og_locale":"es_ES","og_type":"article","og_title":"Caracterizaci\u00f3n de ves\u00edculas extracelulares","og_description":"Con la experiencia de Jotbody, los investigadores pueden obtener valiosos conocimientos sobre los diversos aspectos de las ves\u00edculas extracelulares.","og_url":"https:\/\/jotbody.com\/es\/services\/extracellular-vesicle-world\/characterization\/","og_site_name":"Jotbody","article_modified_time":"2025-01-23T05:23:56+00:00","og_image":[{"url":"https:\/\/jotbody.com\/wp-content\/uploads\/2024\/08\/Screenshot-2024-07-17-at-12.50.56-PM.png","type":"","width":"","height":""}],"twitter_card":"summary_large_image","twitter_misc":{"Tiempo de lectura":"2 minutos"},"schema":{"@context":"https:\/\/schema.org","@graph":[{"@type":"WebPage","@id":"https:\/\/jotbody.com\/es\/services\/extracellular-vesicle-world\/characterization\/","url":"https:\/\/jotbody.com\/es\/services\/extracellular-vesicle-world\/characterization\/","name":"Caracterizaci\u00f3n de ves\u00edculas extracelulares","isPartOf":{"@id":"https:\/\/jotbody.com\/es\/#website"},"primaryImageOfPage":{"@id":"https:\/\/jotbody.com\/es\/services\/extracellular-vesicle-world\/characterization\/#primaryimage"},"image":{"@id":"https:\/\/jotbody.com\/es\/services\/extracellular-vesicle-world\/characterization\/#primaryimage"},"thumbnailUrl":"https:\/\/jotbody.com\/wp-content\/uploads\/2024\/08\/Screenshot-2024-07-17-at-12.50.56-PM.png","datePublished":"2024-03-28T06:38:33+00:00","dateModified":"2025-01-23T05:23:56+00:00","description":"Con la experiencia de Jotbody, los investigadores pueden obtener valiosos conocimientos sobre los diversos aspectos de las ves\u00edculas extracelulares.","breadcrumb":{"@id":"https:\/\/jotbody.com\/es\/services\/extracellular-vesicle-world\/characterization\/#breadcrumb"},"inLanguage":"es","potentialAction":[{"@type":"ReadAction","target":["https:\/\/jotbody.com\/es\/services\/extracellular-vesicle-world\/characterization\/"]}]},{"@type":"ImageObject","inLanguage":"es","@id":"https:\/\/jotbody.com\/es\/services\/extracellular-vesicle-world\/characterization\/#primaryimage","url":"https:\/\/jotbody.com\/wp-content\/uploads\/2024\/08\/Screenshot-2024-07-17-at-12.50.56-PM.png","contentUrl":"https:\/\/jotbody.com\/wp-content\/uploads\/2024\/08\/Screenshot-2024-07-17-at-12.50.56-PM.png"},{"@type":"BreadcrumbList","@id":"https:\/\/jotbody.com\/es\/services\/extracellular-vesicle-world\/characterization\/#breadcrumb","itemListElement":[{"@type":"ListItem","position":1,"name":"Home","item":"https:\/\/jotbody.com\/es\/"},{"@type":"ListItem","position":2,"name":"Servicios","item":"https:\/\/jotbody.com\/es\/services\/"},{"@type":"ListItem","position":3,"name":"Mundo de las ves\u00edculas extracelulares","item":"https:\/\/jotbody.com\/es\/services\/extracellular-vesicle-world\/"},{"@type":"ListItem","position":4,"name":"Caracterizaci\u00f3n"}]},{"@type":"WebSite","@id":"https:\/\/jotbody.com\/es\/#website","url":"https:\/\/jotbody.com\/es\/","name":"Jotbody","description":"Empowering Life Science with Precision","potentialAction":[{"@type":"SearchAction","target":{"@type":"EntryPoint","urlTemplate":"https:\/\/jotbody.com\/es\/?s={search_term_string}"},"query-input":{"@type":"PropertyValueSpecification","valueRequired":true,"valueName":"search_term_string"}}],"inLanguage":"es"}]}},"jetpack_likes_enabled":true,"jetpack_sharing_enabled":true,"jetpack_shortlink":"https:\/\/wp.me\/PdhlHV-7Ax","jetpack-related-posts":[],"_links":{"self":[{"href":"https:\/\/jotbody.com\/es\/wp-json\/wp\/v2\/pages\/29173","targetHints":{"allow":["GET"]}}],"collection":[{"href":"https:\/\/jotbody.com\/es\/wp-json\/wp\/v2\/pages"}],"about":[{"href":"https:\/\/jotbody.com\/es\/wp-json\/wp\/v2\/types\/page"}],"author":[{"embeddable":true,"href":"https:\/\/jotbody.com\/es\/wp-json\/wp\/v2\/users\/4"}],"replies":[{"embeddable":true,"href":"https:\/\/jotbody.com\/es\/wp-json\/wp\/v2\/comments?post=29173"}],"version-history":[{"count":27,"href":"https:\/\/jotbody.com\/es\/wp-json\/wp\/v2\/pages\/29173\/revisions"}],"predecessor-version":[{"id":35681,"href":"https:\/\/jotbody.com\/es\/wp-json\/wp\/v2\/pages\/29173\/revisions\/35681"}],"up":[{"embeddable":true,"href":"https:\/\/jotbody.com\/es\/wp-json\/wp\/v2\/pages\/24781"}],"wp:attachment":[{"href":"https:\/\/jotbody.com\/es\/wp-json\/wp\/v2\/media?parent=29173"}],"curies":[{"name":"wp","href":"https:\/\/api.w.org\/{rel}","templated":true}]}}